{"id":644,"date":"2018-06-18T14:12:35","date_gmt":"2018-06-18T17:12:35","guid":{"rendered":"https:\/\/dalmacio-cba.infd.edu.ar\/sitio\/?page_id=644"},"modified":"2024-12-17T17:23:58","modified_gmt":"2024-12-17T20:23:58","slug":"catalogo","status":"publish","type":"page","link":"https:\/\/dalmacio-cba.infd.edu.ar\/sitio\/catalogo\/","title":{"rendered":"Profesorado de Educaci\u00f3n Especial con Orientaci\u00f3n en DI"},"content":{"rendered":"\n<h4 class=\"wp-block-heading\">Acerca de la carrera<\/h4>\n\n\n\n<p><strong><em>PROFESORADO DE EDUCACI\u00d3N ESPECIAL CON ORIENTACI\u00d3N EN DI<\/em><\/strong><\/p>\n\n\n\n<p><strong><u><em>T\u00edtulo:<\/em>&nbsp;<\/u><\/strong><em>Profesor\/a de Educaci\u00f3n Especial con Orientaci\u00f3n en DI<\/em><\/p>\n\n\n\n<p><strong><u><em>Duraci\u00f3n:<\/em><\/u><\/strong><em>&nbsp;<\/em>4 a\u00f1os<\/p>\n\n\n\n<p><strong>T\u00cdTULO OFICIAL DE VALIDEZ NACIONAL<\/strong><\/p>\n\n\n\n<h4 class=\"wp-block-heading\">Plan de estudios<\/h4>\n\n\n\n<p><strong><u>Primer A\u00f1o:<\/u><\/strong><\/p>\n\n\n\n<ul>\n<li><strong>Pedagog\u00eda<\/strong><\/li>\n\n\n\n<li><strong>Problem\u00e1ticas Socioantropol\u00f3gicas en Educaci\u00f3n<\/strong><\/li>\n\n\n\n<li><strong>Psicolog\u00eda y Educaci\u00f3n<\/strong><\/li>\n\n\n\n<li><strong>Lectura y Escritura Acad\u00e9mica<\/strong><\/li>\n\n\n\n<li><strong>Pr\u00e1ctica Docente I<\/strong><\/li>\n\n\n\n<li><strong>Historia y Perspectivas de la Educaci\u00f3n Especial<\/strong><\/li>\n\n\n\n<li><strong>Lenguaje Corporal y Educaci\u00f3n Especial<\/strong><\/li>\n\n\n\n<li><strong>Neuropsicolog\u00eda del Desarrollo<\/strong><\/li>\n\n\n\n<li><strong>Educaci\u00f3n Psicomotriz<\/strong><\/li>\n<\/ul>\n\n\n\n<p><strong><u>Segundo A\u00f1o:<\/u><\/strong><\/p>\n\n\n\n<ul>\n<li><strong>Filosof\u00eda y Educaci\u00f3n<\/strong><\/li>\n\n\n\n<li><strong>Did\u00e1ctica General<\/strong><\/li>\n\n\n\n<li><strong>Pr\u00e1ctica Docente II<\/strong><\/li>\n\n\n\n<li><strong>Lengua, Literatura y su Did\u00e1ctica<\/strong><\/li>\n\n\n\n<li><strong>Matem\u00e1tica y su Did\u00e1ctica<\/strong><\/li>\n\n\n\n<li><strong>Educaci\u00f3n Art\u00edstico Expresiva<\/strong><\/li>\n\n\n\n<li><strong>Sujetos de la Educaci\u00f3n Especial<\/strong><\/li>\n\n\n\n<li><strong>Alfabetizaci\u00f3n Inicial y DI<\/strong><\/li>\n\n\n\n<li><strong>Educaci\u00f3n Inicial y DI<\/strong><\/li>\n\n\n\n<li><strong>Trastornos del Desarrollo en Sujetos con DI<\/strong><\/li>\n<\/ul>\n\n\n\n<p><strong><u>Tercer A\u00f1o:<\/u><\/strong><\/p>\n\n\n\n<ul>\n<li><strong>Historia y Pol\u00edtica de la Educaci\u00f3n Argentina<\/strong><\/li>\n\n\n\n<li><strong>Pr\u00e1ctica Docente III y Residencia<\/strong><\/li>\n\n\n\n<li><strong>Ciencias Naturales y su Did\u00e1ctica<\/strong><\/li>\n\n\n\n<li><strong>Ciencias Sociales y su Did\u00e1ctica<\/strong><\/li>\n\n\n\n<li><strong>Multidiscapacidad<\/strong><\/li>\n\n\n\n<li><strong>Problem\u00e1ticas de la Discapacidad y Subjetividad<\/strong><\/li>\n\n\n\n<li><strong>Abordajes Pedag\u00f3gicos en Sujetos con DI<\/strong><\/li>\n\n\n\n<li><strong>TIC y su Ense\u00f1anza en DI<\/strong><\/li>\n\n\n\n<li><strong>Comunicaci\u00f3n y Trastornos del Lenguaje en DI<\/strong><\/li>\n\n\n\n<li><strong>Seminario I: El contexto actual de la ense\u00f1anza y la normativa&nbsp;<\/strong><\/li>\n<\/ul>\n\n\n\n<p><strong><u>Cuarto A\u00f1o:<\/u><\/strong><\/p>\n\n\n\n<ul>\n<li><strong>\u00c9tica y Construcci\u00f3n de Ciudadan\u00eda<\/strong><\/li>\n\n\n\n<li><strong>Pr\u00e1ctica Docente IV, Residencia y Ateneos Interdisciplinarios Abordajes Pedag\u00f3gicos Complejos<\/strong><\/li>\n\n\n\n<li><strong>Trabajo Integrado con Familia y Comunidad<\/strong><\/li>\n\n\n\n<li><strong>Perspectivas Sociopol\u00edticas de la Discapacidad<\/strong><\/li>\n\n\n\n<li><strong>Educaci\u00f3n Sexual Integral<\/strong><\/li>\n\n\n\n<li><strong>Trayectorias Educativas Integradas<\/strong><\/li>\n\n\n\n<li><strong>Investigaci\u00f3n en Educaci\u00f3n Especial<\/strong><\/li>\n\n\n\n<li><strong>Educaci\u00f3n del Adulto y Formaci\u00f3n Laboral en DI&nbsp; &nbsp;<\/strong><\/li>\n\n\n\n<li><strong>Seminario II: Docente de Apoyo a la Inclusi\u00f3n: rol y funci\u00f3n en equipos externos &nbsp; &nbsp; &nbsp; &nbsp; &nbsp; &nbsp;&nbsp;<\/strong><\/li>\n<\/ul>\n\n\n\n<p><\/p>\n\n\n\n<p><u><strong><em>Campo laboral:\u00a0<\/em><\/strong><\/u><\/p>\n\n\n\n<ul>\n<li>Ejercer la docencia en escuelas de Modalidad Especial.&nbsp;<\/li>\n\n\n\n<li>Ser docente de Apoyo a la Inclusi\u00f3n (DAI) en escuelas de Nivel Inicial, Primario y Secundario.&nbsp;<\/li>\n\n\n\n<li>Integrar equipos interdisciplinarios que acompa\u00f1en los procesos de aprendizajes de personas con discapacidad intelectual.&nbsp;<\/li>\n\n\n\n<li>Coordinar acciones que favorezcan procesos de inclusi\u00f3n social, laboral, recreativa y cultural.&nbsp;<\/li>\n\n\n\n<li>Ejercer la docencia en el Nivel Superior.<\/li>\n<\/ul>\n","protected":false},"excerpt":{"rendered":"<p>Acerca de la carrera PROFESORADO DE EDUCACI\u00d3N ESPECIAL CON ORIENTACI\u00d3N EN DI T\u00edtulo:&nbsp;Profesor\/a de Educaci\u00f3n Especial con Orientaci\u00f3n en DI Duraci\u00f3n:&nbsp;4 a\u00f1os T\u00cdTULO OFICIAL DE VALIDEZ NACIONAL Plan de estudios Primer A\u00f1o: Segundo A\u00f1o: Tercer A\u00f1o: Cuarto A\u00f1o: Campo laboral:\u00a0<\/p>\n","protected":false},"author":1,"featured_media":0,"parent":0,"menu_order":0,"comment_status":"closed","ping_status":"closed","template":"","meta":[],"acf":[],"_links":{"self":[{"href":"https:\/\/dalmacio-cba.infd.edu.ar\/sitio\/wp-json\/wp\/v2\/pages\/644"}],"collection":[{"href":"https:\/\/dalmacio-cba.infd.edu.ar\/sitio\/wp-json\/wp\/v2\/pages"}],"about":[{"href":"https:\/\/dalmacio-cba.infd.edu.ar\/sitio\/wp-json\/wp\/v2\/types\/page"}],"author":[{"embeddable":true,"href":"https:\/\/dalmacio-cba.infd.edu.ar\/sitio\/wp-json\/wp\/v2\/users\/1"}],"replies":[{"embeddable":true,"href":"https:\/\/dalmacio-cba.infd.edu.ar\/sitio\/wp-json\/wp\/v2\/comments?post=644"}],"version-history":[{"count":12,"href":"https:\/\/dalmacio-cba.infd.edu.ar\/sitio\/wp-json\/wp\/v2\/pages\/644\/revisions"}],"predecessor-version":[{"id":919,"href":"https:\/\/dalmacio-cba.infd.edu.ar\/sitio\/wp-json\/wp\/v2\/pages\/644\/revisions\/919"}],"wp:attachment":[{"href":"https:\/\/dalmacio-cba.infd.edu.ar\/sitio\/wp-json\/wp\/v2\/media?parent=644"}],"curies":[{"name":"wp","href":"https:\/\/api.w.org\/{rel}","templated":true}]}}