{"id":683,"date":"2018-07-25T15:06:14","date_gmt":"2018-07-25T18:06:14","guid":{"rendered":"https:\/\/dalmacio-cba.infd.edu.ar\/sitio\/?page_id=683"},"modified":"2025-03-07T20:05:51","modified_gmt":"2025-03-07T23:05:51","slug":"institucional","status":"publish","type":"page","link":"https:\/\/dalmacio-cba.infd.edu.ar\/sitio\/institucional\/","title":{"rendered":"Qui\u00e9nes somos"},"content":{"rendered":"\nTe damos la bienvenida al Nivel Superior del IPDVS\n\n\n\n<p>Somos el Nivel Superior del Instituto Privado Dalmacio V\u00e9lez S\u00e1rsfield y queremos ser parte de tu formaci\u00f3n.<\/p>\n\n\n\n<p>M\u00e1s de 50 a\u00f1os de compromiso con la educaci\u00f3n superior avalan nuestra trayectoria.<\/p>\n\n\n\n<p>Actualmente, contamos con las siguientes carreras:<\/p>\n\n\n\n<p>&#x1f4cc;<strong><em>Profesorado de Educaci\u00f3n Inicial   <\/em><\/strong>y<\/p>\n\n\n\n<p>&#x1f4cc;<strong><em> Profesorado de Educaci\u00f3n Especial con Orientaci\u00f3n en Discapacidad Intelectual.<\/em><\/strong><\/p>\n\n\n\n<p>Talleres integradores, ateneos y tutor\u00edas, ayudant\u00edas, pr\u00e1cticas en las escuelas asociadas y proyectos espec\u00edficos con salida a la comunidad son algunas de nuestras experiencias cotidianas.<\/p>\n\n\n\n<p>Somos oferentes de la <strong><em>Red Provincial de Formaci\u00f3n Docente Continua<\/em><\/strong>, lo que nos permite dictar cursos con puntaje docente, apostando siempre a la capacitaci\u00f3n permanente.<\/p>\n\n\n\n<p>Nuestro compromiso con la formaci\u00f3n docente se renueva de manera constante.<\/p>\n\n\n\n<p>Te esperamos para que seas parte de nuestro nivel.<\/p>\n\n\n\n\n\n<figure class=\"wp-block-gallery has-nested-images columns-default is-cropped wp-block-gallery-1 is-layout-flex\">\n<figure class=\"wp-block-image size-large\"><img decoding=\"async\" loading=\"lazy\" width=\"720\" height=\"274\" data-id=\"926\"  src=\"https:\/\/dalmacio-cba.infd.edu.ar\/sitio\/wp-content\/uploads\/2024\/12\/PORTADA-VELEZ-1.jpeg\" alt=\"\" class=\"wp-image-926\"\/><\/figure>\n<\/figure>\n\n\n\n<div class=\"wp-block-media-text alignwide is-stacked-on-mobile\"><figure class=\"wp-block-media-text__media\"><\/figure><div class=\"wp-block-media-text__content\">\n<p><\/p>\n<\/div><\/div>\n\n\n\n<figure class=\"wp-block-image\"><img alt=\"\"\/><\/figure>\n\n\n\n<figure class=\"wp-block-image\"><img alt=\"\"\/><\/figure>\n","protected":false},"excerpt":{"rendered":"<p>Te damos la bienvenida al Nivel Superior del IPDVS Somos el Nivel Superior del Instituto Privado Dalmacio V\u00e9lez S\u00e1rsfield y queremos ser parte de tu formaci\u00f3n. M\u00e1s de 50 a\u00f1os de compromiso con la educaci\u00f3n superior avalan nuestra trayectoria. Actualmente, contamos con las siguientes carreras: &#x1f4cc;Profesorado de Educaci\u00f3n Inicial y &#x1f4cc; Profesorado de Educaci\u00f3n Especial &#8230; <a title=\"Qui\u00e9nes somos\" class=\"read-more\" href=\"https:\/\/dalmacio-cba.infd.edu.ar\/sitio\/institucional\/\" aria-label=\"More on Qui\u00e9nes somos\">[+]<\/a><\/p>\n","protected":false},"author":6,"featured_media":0,"parent":0,"menu_order":0,"comment_status":"closed","ping_status":"closed","template":"","meta":[],"acf":[],"_links":{"self":[{"href":"https:\/\/dalmacio-cba.infd.edu.ar\/sitio\/wp-json\/wp\/v2\/pages\/683"}],"collection":[{"href":"https:\/\/dalmacio-cba.infd.edu.ar\/sitio\/wp-json\/wp\/v2\/pages"}],"about":[{"href":"https:\/\/dalmacio-cba.infd.edu.ar\/sitio\/wp-json\/wp\/v2\/types\/page"}],"author":[{"embeddable":true,"href":"https:\/\/dalmacio-cba.infd.edu.ar\/sitio\/wp-json\/wp\/v2\/users\/6"}],"replies":[{"embeddable":true,"href":"https:\/\/dalmacio-cba.infd.edu.ar\/sitio\/wp-json\/wp\/v2\/comments?post=683"}],"version-history":[{"count":11,"href":"https:\/\/dalmacio-cba.infd.edu.ar\/sitio\/wp-json\/wp\/v2\/pages\/683\/revisions"}],"predecessor-version":[{"id":974,"href":"https:\/\/dalmacio-cba.infd.edu.ar\/sitio\/wp-json\/wp\/v2\/pages\/683\/revisions\/974"}],"wp:attachment":[{"href":"https:\/\/dalmacio-cba.infd.edu.ar\/sitio\/wp-json\/wp\/v2\/media?parent=683"}],"curies":[{"name":"wp","href":"https:\/\/api.w.org\/{rel}","templated":true}]}}