{"id":685,"date":"2018-07-25T15:06:42","date_gmt":"2018-07-25T18:06:42","guid":{"rendered":"https:\/\/dalmacio-cba.infd.edu.ar\/sitio\/?page_id=685"},"modified":"2024-12-18T10:21:16","modified_gmt":"2024-12-18T13:21:16","slug":"autoridades","status":"publish","type":"page","link":"https:\/\/dalmacio-cba.infd.edu.ar\/sitio\/institucional\/autoridades\/","title":{"rendered":"Equipo administrativo y docente"},"content":{"rendered":"\n<p><\/p>\n\n\n<h4><span data-mce-mark=\"1\"><strong>DIRECCI\u00d3N<\/strong><\/span><\/h4>\n<p><em>Prof. Paula Carolina Calder\u00f3n<\/em><\/p>\n<h4><span data-mce-mark=\"1\"><strong>SECRETAR\u00cdA<\/strong><\/span><\/h4>\n<p><em>Prof. Mariana Vigna<\/em><\/p>\n<h4><span data-mce-mark=\"1\"><strong>PRECEPTOR\u00cdA<\/strong><\/span><\/h4>\n<p><i>Lic. Georgina Ferronato<\/i><\/p>\n<p>\u00a0<\/p>\n<p><span data-mce-mark=\"1\"><strong>Tel\u00e9fono<\/strong>: 03537-431315<\/span><\/p>\n<p><span data-mce-mark=\"1\"><strong>E-mail:<\/strong> nivelsuperior@ipdvsjp.com<\/span><\/p>\n<h4>\u00a0<\/h4>\n<h4><strong>COORDINACIONES<\/strong><\/h4>\n<p><b>\u00c1rea <em>Pr\u00e1ctica Docente Prof. de Educaci\u00f3n Inicial\u00a0<\/em><\/b><\/p>\n<p><em>Lic. Ver\u00f3nica Petruzzi<\/em><\/p>\n<p><b>\u00c1rea <em>Pr\u00e1ctica Docente Prof. de Educaci\u00f3n Especial con Orientaci\u00f3n en DI<\/em><\/b><\/p>\n<p><em>Lic. Gabriela Alarc\u00f3n<\/em><\/p>\n<p>\u00a0<\/p>","protected":false},"excerpt":{"rendered":"<p>DIRECCI\u00d3N Prof. Paula Carolina Calder\u00f3n SECRETAR\u00cdA Prof. Mariana Vigna PRECEPTOR\u00cdA Lic. Georgina Ferronato \u00a0 Tel\u00e9fono: 03537-431315 E-mail: nivelsuperior@ipdvsjp.com \u00a0 COORDINACIONES \u00c1rea Pr\u00e1ctica Docente Prof. de Educaci\u00f3n Inicial\u00a0 Lic. Ver\u00f3nica Petruzzi \u00c1rea Pr\u00e1ctica Docente Prof. de Educaci\u00f3n Especial con Orientaci\u00f3n en DI Lic. Gabriela Alarc\u00f3n \u00a0<\/p>\n","protected":false},"author":6,"featured_media":0,"parent":683,"menu_order":0,"comment_status":"closed","ping_status":"closed","template":"","meta":[],"acf":[],"_links":{"self":[{"href":"https:\/\/dalmacio-cba.infd.edu.ar\/sitio\/wp-json\/wp\/v2\/pages\/685"}],"collection":[{"href":"https:\/\/dalmacio-cba.infd.edu.ar\/sitio\/wp-json\/wp\/v2\/pages"}],"about":[{"href":"https:\/\/dalmacio-cba.infd.edu.ar\/sitio\/wp-json\/wp\/v2\/types\/page"}],"author":[{"embeddable":true,"href":"https:\/\/dalmacio-cba.infd.edu.ar\/sitio\/wp-json\/wp\/v2\/users\/6"}],"replies":[{"embeddable":true,"href":"https:\/\/dalmacio-cba.infd.edu.ar\/sitio\/wp-json\/wp\/v2\/comments?post=685"}],"version-history":[{"count":10,"href":"https:\/\/dalmacio-cba.infd.edu.ar\/sitio\/wp-json\/wp\/v2\/pages\/685\/revisions"}],"predecessor-version":[{"id":931,"href":"https:\/\/dalmacio-cba.infd.edu.ar\/sitio\/wp-json\/wp\/v2\/pages\/685\/revisions\/931"}],"up":[{"embeddable":true,"href":"https:\/\/dalmacio-cba.infd.edu.ar\/sitio\/wp-json\/wp\/v2\/pages\/683"}],"wp:attachment":[{"href":"https:\/\/dalmacio-cba.infd.edu.ar\/sitio\/wp-json\/wp\/v2\/media?parent=685"}],"curies":[{"name":"wp","href":"https:\/\/api.w.org\/{rel}","templated":true}]}}