{"id":730,"date":"2018-07-26T10:40:07","date_gmt":"2018-07-26T13:40:07","guid":{"rendered":"https:\/\/dalmacio-cba.infd.edu.ar\/sitio\/?page_id=730"},"modified":"2024-12-16T21:55:41","modified_gmt":"2024-12-17T00:55:41","slug":"ingresantes","status":"publish","type":"page","link":"https:\/\/dalmacio-cba.infd.edu.ar\/sitio\/estudiantes\/ingresantes\/","title":{"rendered":"Ingresantes"},"content":{"rendered":"<h4>Requisitos de inscripci\u00f3n<\/h4>\n<p>Para inscribirse&#8230;<\/p>\n\n\n<p><br>Para la inscripci\u00f3n definitiva es necesaria la presentaci\u00f3n de la documentaci\u00f3n que se detalla a continuaci\u00f3n:<\/p>\n\n\n\n<p><br>&#x1f4cd;Fotocopias de ambas caras del nuevo DNI (frente y dorso)<br>&#x1f4cd;Fotocopia del Certificado Anal\u00edtico de Estudios correspondientes al nivel medio, o una constancia que consigne que el mismo se encuentra en tr\u00e1mite. En el caso de la Formaci\u00f3n Docente de Profesionales se requiere Fotocopia autenticada del t\u00edtulo de nivel superior.<br>&#x1f4cd;Fotocopia de la Partida de Nacimiento.<\/p>\n\n\n\n<p>&#x1f4cd; Ficha m\u00e9dica del Ministerio de Educaci\u00f3n (CUS),<br>&#x1f4cd;Foto tipo carnet.<\/p>\n\n\n\n<p><\/p>\n\n\n\n<p><\/p>\n","protected":false},"excerpt":{"rendered":"<p>Requisitos de inscripci\u00f3n Para inscribirse&#8230; Para la inscripci\u00f3n definitiva es necesaria la presentaci\u00f3n de la documentaci\u00f3n que se detalla a continuaci\u00f3n: &#x1f4cd;Fotocopias de ambas caras del nuevo DNI (frente y dorso)&#x1f4cd;Fotocopia del Certificado Anal\u00edtico de Estudios correspondientes al nivel medio, o una constancia que consigne que el mismo se encuentra en tr\u00e1mite. En el caso &#8230; <a title=\"Ingresantes\" class=\"read-more\" href=\"https:\/\/dalmacio-cba.infd.edu.ar\/sitio\/estudiantes\/ingresantes\/\" aria-label=\"More on Ingresantes\">[+]<\/a><\/p>\n","protected":false},"author":6,"featured_media":0,"parent":692,"menu_order":0,"comment_status":"closed","ping_status":"closed","template":"","meta":[],"acf":[],"_links":{"self":[{"href":"https:\/\/dalmacio-cba.infd.edu.ar\/sitio\/wp-json\/wp\/v2\/pages\/730"}],"collection":[{"href":"https:\/\/dalmacio-cba.infd.edu.ar\/sitio\/wp-json\/wp\/v2\/pages"}],"about":[{"href":"https:\/\/dalmacio-cba.infd.edu.ar\/sitio\/wp-json\/wp\/v2\/types\/page"}],"author":[{"embeddable":true,"href":"https:\/\/dalmacio-cba.infd.edu.ar\/sitio\/wp-json\/wp\/v2\/users\/6"}],"replies":[{"embeddable":true,"href":"https:\/\/dalmacio-cba.infd.edu.ar\/sitio\/wp-json\/wp\/v2\/comments?post=730"}],"version-history":[{"count":3,"href":"https:\/\/dalmacio-cba.infd.edu.ar\/sitio\/wp-json\/wp\/v2\/pages\/730\/revisions"}],"predecessor-version":[{"id":800,"href":"https:\/\/dalmacio-cba.infd.edu.ar\/sitio\/wp-json\/wp\/v2\/pages\/730\/revisions\/800"}],"up":[{"embeddable":true,"href":"https:\/\/dalmacio-cba.infd.edu.ar\/sitio\/wp-json\/wp\/v2\/pages\/692"}],"wp:attachment":[{"href":"https:\/\/dalmacio-cba.infd.edu.ar\/sitio\/wp-json\/wp\/v2\/media?parent=730"}],"curies":[{"name":"wp","href":"https:\/\/api.w.org\/{rel}","templated":true}]}}