{"id":734,"date":"2018-07-26T10:49:22","date_gmt":"2018-07-26T13:49:22","guid":{"rendered":"https:\/\/dalmacio-cba.infd.edu.ar\/sitio\/?page_id=734"},"modified":"2024-12-17T17:22:26","modified_gmt":"2024-12-17T20:22:26","slug":"plan-de-estudio","status":"publish","type":"page","link":"https:\/\/dalmacio-cba.infd.edu.ar\/sitio\/catalogo\/plan-de-estudio\/","title":{"rendered":"Profesorado de Educaci\u00f3n Inicial"},"content":{"rendered":"<h4>Acerca de la carrera<\/h4>\n<p><em><strong>PROFESORADO DE EDUCACI\u00d3N INICIAL<\/strong><\/em><\/p>\n<p><strong><u><em>T\u00edtulo:<\/em>\u00a0<\/u><\/strong><em>Profesor\/a de Educaci\u00f3n Inicial<\/em><\/p>\n<p><strong><u><em>Duraci\u00f3n:<\/em><\/u><\/strong><em>\u00a0<\/em>4 a\u00f1os<\/p>\n<p><strong id=\"isPasted\"><b>T\u00cdTULO OFICIAL DE VALIDEZ NACIONAL<\/b><\/strong><\/p>\n<h4><\/h4>\n<h4>Plan de estudios<\/h4>\n<p><strong><u>Primer A\u00f1o\u00a0<\/u><\/strong><\/p>\n<ul>\n<li><strong>Pedagog\u00eda\u00a0<\/strong><\/li>\n<li><strong>Problem\u00e1ticas Socioantropol\u00f3gicas en Educaci\u00f3n\u00a0<\/strong><\/li>\n<li><strong>Psicolog\u00eda y Educaci\u00f3n\u00a0<\/strong><\/li>\n<li><strong>Argentina en el Mundo Contempor\u00e1neo\u00a0<\/strong><\/li>\n<li><strong>Lenguaje Digital y Audiovisual\u00a0<\/strong><\/li>\n<li><strong>Lenguaje Corporal\u00a0<\/strong><\/li>\n<li><strong>Pr\u00e1ctica Docente I: \u00a0Contextos y Pr\u00e1cticas Educativas\u00a0<\/strong><\/li>\n<li><strong>Educaci\u00f3n Inicial: Jard\u00edn Maternal\u00a0<\/strong><\/li>\n<li><strong>Oralidad, Lectura y Escritura\u00a0<\/strong><\/li>\n<li><strong>Educaci\u00f3n\u00a0<\/strong><strong>Art\u00edstica: M\u00fasica\u00a0<\/strong><\/li>\n<\/ul>\n<p><strong><u>Segundo A\u00f1o<\/u><\/strong><\/p>\n<ul>\n<li><strong>Filosof\u00eda y Educaci\u00f3n\u00a0<\/strong><\/li>\n<li><strong>Did\u00e1ctica General\u00a0<\/strong><\/li>\n<li><strong>Pr\u00e1ctica docente II: Escuelas, Historias Documentadas y Cotidianeidad\u00a0<\/strong><\/li>\n<li><strong>Desarrollo del Pensamiento Matem\u00e1tico\u00a0<\/strong><\/li>\n<li><strong>Lengua y su Did\u00e1ctica \u2013 Alfabetizaci\u00f3n Inicial\u00a0<\/strong><\/li>\n<li><strong>Ciencias Naturales y su Did\u00e1ctica\u00a0<\/strong><\/li>\n<li><strong>Sujetos de la Educaci\u00f3n y Convivencia Escolar\u00a0<\/strong><\/li>\n<li><strong>Educaci\u00f3n Art\u00edstica: Pl\u00e1stica\u00a0<\/strong><\/li>\n<li><strong>Tic y la Ense\u00f1anza en el Nivel Inicial\u00a0<\/strong><\/li>\n<li><strong>Dise\u00f1o y Construcci\u00f3n de Material Did\u00e1ctico\u00a0<\/strong><\/li>\n<li><strong>Seminario I: El contexto actual de la ense\u00f1anza y la normativa<\/strong><\/li>\n<\/ul>\n<p><strong><u>Tercer A\u00f1o<\/u><\/strong><\/p>\n<ul>\n<li><strong>Historia y Pol\u00edtica de la Educaci\u00f3n Argentina\u00a0<\/strong><\/li>\n<li><strong>Pr\u00e1ctica Docente III: La Sala: Espacio del Aprender y del Ense\u00f1ar\u00a0<\/strong><\/li>\n<li><strong>Matem\u00e1tica y su Did\u00e1ctica\u00a0<\/strong><\/li>\n<li><strong>Literatura en el Nivel Inicial\u00a0<\/strong><\/li>\n<li><strong>Ciencias Sociales y su Did\u00e1ctica\u00a0<\/strong><\/li>\n<li><strong>Ciencias Naturales: Educaci\u00f3n para la Salud \u2013 Educaci\u00f3n Ambiental<\/strong><\/li>\n<li><strong>Educaci\u00f3n F\u00edsica en JM y JI\u00a0<\/strong><\/li>\n<li><strong>Seminario II: Hacia la construcci\u00f3n de espacios educativos sin fronteras<\/strong><\/li>\n<\/ul>\n<p><strong><u>Cuarto A\u00f1o<\/u><\/strong><\/p>\n<ul>\n<li><strong>\u00c9tica y Construcci\u00f3n de Ciudadan\u00eda\u00a0<\/strong><\/li>\n<li><strong>Pr\u00e1ctica Docente IV y Residencia: Recrear las Pr\u00e1cticas Docentes \u00a0<\/strong><\/li>\n<li><strong>Problem\u00e1ticas y Desaf\u00edos del Nivel Inicial: JM Y JI\u00a0<\/strong><\/li>\n<li><strong>Educaci\u00f3n Art\u00edstica: Teatro\u00a0<\/strong><\/li>\n<li><strong>Educaci\u00f3n Sexual Integral\u00a0<\/strong><\/li>\n<li><strong>Trabajo de Campo y Pr\u00e1ctica Docente Inclusiva\u00a0<\/strong><\/li>\n<\/ul>\n<h4>Perfil del egresado<\/h4>\n<p><em><u><strong>Campo laboral:\u00a0<\/strong><\/u><\/em><\/p>\n<ul>\n<li>En instituciones de educaci\u00f3n formal, tanto privadas como estatales, ejercer la docencia en salas de 3, 4 y 5 de Nivel Inicial.<\/li>\n<li>Ejercer como docente en jardines maternales.<\/li>\n<li>Desempe\u00f1arse en instituciones de la educaci\u00f3n no formal a cargo de ni\u00f1os de la primera infancia.<\/li>\n<\/ul>\n","protected":false},"excerpt":{"rendered":"<p>Acerca de la carrera PROFESORADO DE EDUCACI\u00d3N INICIAL T\u00edtulo:\u00a0Profesor\/a de Educaci\u00f3n Inicial Duraci\u00f3n:\u00a04 a\u00f1os T\u00cdTULO OFICIAL DE VALIDEZ NACIONAL Plan de estudios Primer A\u00f1o\u00a0 Pedagog\u00eda\u00a0 Problem\u00e1ticas Socioantropol\u00f3gicas en Educaci\u00f3n\u00a0 Psicolog\u00eda y Educaci\u00f3n\u00a0 Argentina en el Mundo Contempor\u00e1neo\u00a0 Lenguaje Digital y Audiovisual\u00a0 Lenguaje Corporal\u00a0 Pr\u00e1ctica Docente I: \u00a0Contextos y Pr\u00e1cticas Educativas\u00a0 Educaci\u00f3n Inicial: Jard\u00edn Maternal\u00a0 Oralidad, &#8230; <a title=\"Profesorado de Educaci\u00f3n Inicial\" class=\"read-more\" href=\"https:\/\/dalmacio-cba.infd.edu.ar\/sitio\/catalogo\/plan-de-estudio\/\" aria-label=\"More on Profesorado de Educaci\u00f3n Inicial\">[+]<\/a><\/p>\n","protected":false},"author":6,"featured_media":0,"parent":644,"menu_order":0,"comment_status":"closed","ping_status":"closed","template":"","meta":[],"acf":[],"_links":{"self":[{"href":"https:\/\/dalmacio-cba.infd.edu.ar\/sitio\/wp-json\/wp\/v2\/pages\/734"}],"collection":[{"href":"https:\/\/dalmacio-cba.infd.edu.ar\/sitio\/wp-json\/wp\/v2\/pages"}],"about":[{"href":"https:\/\/dalmacio-cba.infd.edu.ar\/sitio\/wp-json\/wp\/v2\/types\/page"}],"author":[{"embeddable":true,"href":"https:\/\/dalmacio-cba.infd.edu.ar\/sitio\/wp-json\/wp\/v2\/users\/6"}],"replies":[{"embeddable":true,"href":"https:\/\/dalmacio-cba.infd.edu.ar\/sitio\/wp-json\/wp\/v2\/comments?post=734"}],"version-history":[{"count":14,"href":"https:\/\/dalmacio-cba.infd.edu.ar\/sitio\/wp-json\/wp\/v2\/pages\/734\/revisions"}],"predecessor-version":[{"id":918,"href":"https:\/\/dalmacio-cba.infd.edu.ar\/sitio\/wp-json\/wp\/v2\/pages\/734\/revisions\/918"}],"up":[{"embeddable":true,"href":"https:\/\/dalmacio-cba.infd.edu.ar\/sitio\/wp-json\/wp\/v2\/pages\/644"}],"wp:attachment":[{"href":"https:\/\/dalmacio-cba.infd.edu.ar\/sitio\/wp-json\/wp\/v2\/media?parent=734"}],"curies":[{"name":"wp","href":"https:\/\/api.w.org\/{rel}","templated":true}]}}